{"id":8884,"date":"2026-05-03T16:19:36","date_gmt":"2026-05-03T14:19:36","guid":{"rendered":"https:\/\/petergedei.com\/knjiga-krizna-jama-narocilo\/"},"modified":"2026-05-04T16:21:36","modified_gmt":"2026-05-04T14:21:36","slug":"knjiga-krizna-jama-narocilo","status":"publish","type":"page","link":"https:\/\/petergedei.com\/sl\/knjiga-krizna-jama-narocilo\/","title":{"rendered":"Knjiga Kri\u017ena jama Naro\u010dilo"},"content":{"rendered":"\t\t<div data-elementor-type=\"wp-page\" data-elementor-id=\"8884\" class=\"elementor elementor-8884 elementor-8766\">\n\t\t\t\t\t\t<section class=\"elementor-section elementor-top-section elementor-element elementor-element-d2a7869 elementor-section-boxed elementor-section-height-default elementor-section-height-default\" data-id=\"d2a7869\" data-element_type=\"section\" data-e-type=\"section\">\n\t\t\t\t\t\t<div class=\"elementor-container elementor-column-gap-default\">\n\t\t\t\t\t<div class=\"elementor-column elementor-col-50 elementor-top-column elementor-element elementor-element-c7ec82b\" data-id=\"c7ec82b\" data-element_type=\"column\" data-e-type=\"column\">\n\t\t\t<div class=\"elementor-widget-wrap elementor-element-populated\">\n\t\t\t\t\t\t<div class=\"elementor-element elementor-element-aeee213 elementor-widget elementor-widget-thumbnails-grid\" data-id=\"aeee213\" data-element_type=\"widget\" data-e-type=\"widget\" data-widget_type=\"thumbnails-grid.default\">\n\t\t\t\t<div class=\"elementor-widget-container\">\n\t\t\t\t\t<div class=\"thumbnails-shortcode gridblock-columns-wrap grid-style-classic-wrap clearfix\"><div class=\"thumbnails-grid-container lightgallery-container grid-style-classic thumbnail-gutter-spaced    no-title-no-desc gridblock-two  has-effect-none\"  data-columns=\"2\"><div class=\"gridblock-element  animation-standby-portfolio animated fadeIn isotope-displayed gridblock-thumbnail-id-8876 gridblock-col-1\"><div class=\"gridblock-ajax gridblock-grid-element gridblock-element-inner\" data-rel=\"8884\"><div class=\"gridblock-background-hover\"><a data-elementor-open-lightbox=\"no\" data-exthumbimage=\"https:\/\/petergedei.com\/wp-content\/uploads\/2026\/05\/Krizna-jama-3-160x160.jpg\" class=\"lightbox-active lightbox-image gridblock-sole-link\" data-sub-html=\"<div class=&quot;lightbox-text-wrap &quot;><h4 class=&quot;lightbox-text lightbox-text-title&quot;>Krizna jama 3<\/h4><\/div>\" href=\"https:\/\/petergedei.com\/wp-content\/uploads\/2026\/05\/Krizna-jama-3.jpg\" data-src=\"https:\/\/petergedei.com\/wp-content\/uploads\/2026\/05\/Krizna-jama-3.jpg\"><div class=\"gridblock-links-wrap\"><span class=\"column-gridblock-icon\"><span class=\"hover-icon-effect\"><i class=\"ion-ios-search\"><\/i><\/span><\/span><\/div><\/a><\/div><img decoding=\"async\" class=\"preload-image lazyload displayed-image\" src=\"https:\/\/petergedei.com\/wp-content\/themes\/blacksilver\/images\/placeholders\/placeholder-770x770.gif\" data-src=\"https:\/\/petergedei.com\/wp-content\/uploads\/2026\/05\/Krizna-jama-3-770x770.jpg\" alt=\"\"><\/div><\/div><div class=\"gridblock-element  animation-standby-portfolio animated fadeIn isotope-displayed gridblock-thumbnail-id-8874 gridblock-col-2\"><div class=\"gridblock-ajax gridblock-grid-element gridblock-element-inner\" data-rel=\"8884\"><div class=\"gridblock-background-hover\"><a data-elementor-open-lightbox=\"no\" data-exthumbimage=\"https:\/\/petergedei.com\/wp-content\/uploads\/2026\/05\/Krizna-cave-3-160x160.jpg\" class=\"lightbox-active lightbox-image gridblock-sole-link\" data-sub-html=\"<div class=&quot;lightbox-text-wrap &quot;><h4 class=&quot;lightbox-text lightbox-text-title&quot;>Krizna cave 3<\/h4><\/div>\" href=\"https:\/\/petergedei.com\/wp-content\/uploads\/2026\/05\/Krizna-cave-3.jpg\" data-src=\"https:\/\/petergedei.com\/wp-content\/uploads\/2026\/05\/Krizna-cave-3.jpg\"><div class=\"gridblock-links-wrap\"><span class=\"column-gridblock-icon\"><span class=\"hover-icon-effect\"><i class=\"ion-ios-search\"><\/i><\/span><\/span><\/div><\/a><\/div><img decoding=\"async\" class=\"preload-image lazyload displayed-image\" src=\"https:\/\/petergedei.com\/wp-content\/themes\/blacksilver\/images\/placeholders\/placeholder-770x770.gif\" data-src=\"https:\/\/petergedei.com\/wp-content\/uploads\/2026\/05\/Krizna-cave-3-770x770.jpg\" alt=\"\"><\/div><\/div><\/div><\/div>\t\t\t\t<\/div>\n\t\t\t\t<\/div>\n\t\t\t\t<div class=\"elementor-element elementor-element-6d77ca6 elementor-widget elementor-widget-text-editor\" data-id=\"6d77ca6\" data-element_type=\"widget\" data-e-type=\"widget\" data-widget_type=\"text-editor.default\">\n\t\t\t\t<div class=\"elementor-widget-container\">\n\t\t\t\t\t\t\t\t\t<h3>Knjiga Kri\u017ena jama<\/h3><p><strong>Cena enega izvoda knjige je 29,90\u00a0EUR.<\/strong><\/p><p>Pakiranje v kartonasto ovojnico in po\u0161tnino zara\u010dunamo posebej. Cene so slede\u010de:<\/p><p><strong>Slovenija:<\/strong><br \/>\u2013 za 1 knjigo: 2,70 EUR<br \/>\u2013 za 2 knjigi: 3,70 EUR<br \/>\u2013 3 in ve\u010d: glede na pakiranje in cenik paketov po\u0161te Slovenije<\/p><p><strong>EU:<\/strong><br \/>\u2013 za 1 knjigo: 9,90 EUR<br \/>\u2013 za 2 knjigi: 13,60 EUR<br \/>\u2013 3 in ve\u010d: glede na pakiranje in cenik paketov po\u0161te Slovenije<\/p><p>Po\u0161ljemo lahko tudi s sledenjem po\u0161iljke. Po naro\u010dilu in pla\u010dilu boste prejeli \u0161tevilko za sledenje. Cene so slede\u010de:<\/p><p><strong>Slovenija:<\/strong><br \/>\u2013 za 1 knjigo: 4,90 EUR<br \/>\u2013 za 2 knjigi: 7,90 EUR<br \/>\u2013 3 in ve\u010d: glede na pakiranje in cenik paketov po\u0161te Slovenije<\/p><p><strong>EU:<\/strong><br \/>\u2013 za 1 knjigo: 10,70 EUR<br \/>\u2013 za 2 knjigi: 14,20 EUR<br \/>\u2013 3 in ve\u010d: glede na pakiranje in cenik paketov po\u0161te Slovenije<\/p><p><strong>Po e-po\u0161ti prejmete ra\u010dun, ki ga poravnajte \u010dimprej. Po prejetju pla\u010dila prejmete naro\u010deno. <\/strong><\/p><p>Osebni prevzem knjig je mo\u017een po dogovoru.<\/p>\t\t\t\t\t\t\t\t<\/div>\n\t\t\t\t<\/div>\n\t\t\t\t\t<\/div>\n\t\t<\/div>\n\t\t\t\t<div class=\"elementor-column elementor-col-50 elementor-top-column elementor-element elementor-element-b0f9146\" data-id=\"b0f9146\" data-element_type=\"column\" data-e-type=\"column\">\n\t\t\t<div class=\"elementor-widget-wrap elementor-element-populated\">\n\t\t\t\t\t\t<div class=\"elementor-element elementor-element-5641b63 input-border-style-default input-icons-default elementor-widget elementor-widget-contactform\" data-id=\"5641b63\" data-element_type=\"widget\" data-e-type=\"widget\" data-widget_type=\"contactform.default\">\n\t\t\t\t<div class=\"elementor-widget-container\">\n\t\t\t\t\t\t\t<div class=\"mtheme-contact-form-container\">\n\t\t\t\n<div class=\"wpcf7 no-js\" id=\"wpcf7-f8765-o1\" lang=\"en-US\" dir=\"ltr\" data-wpcf7-id=\"8765\">\n<div class=\"screen-reader-response\"><p role=\"status\" aria-live=\"polite\" aria-atomic=\"true\"><\/p> <ul><\/ul><\/div>\n<form action=\"\/sl\/wp-json\/wp\/v2\/pages\/8884#wpcf7-f8765-o1\" method=\"post\" class=\"wpcf7-form init\" aria-label=\"Contact form\" novalidate=\"novalidate\" data-status=\"init\">\n<fieldset class=\"hidden-fields-container\"><input type=\"hidden\" name=\"_wpcf7\" value=\"8765\" \/><input type=\"hidden\" name=\"_wpcf7_version\" value=\"6.1.5\" \/><input type=\"hidden\" name=\"_wpcf7_locale\" value=\"en_US\" \/><input type=\"hidden\" name=\"_wpcf7_unit_tag\" value=\"wpcf7-f8765-o1\" \/><input type=\"hidden\" name=\"_wpcf7_container_post\" value=\"0\" \/><input type=\"hidden\" name=\"_wpcf7_posted_data_hash\" value=\"\" \/><input type=\"hidden\" name=\"_wpcf7_recaptcha_response\" value=\"\" \/>\n<\/fieldset>\n<p><label> Ime in priimek<br \/>\n<span class=\"wpcf7-form-control-wrap\" data-name=\"your-name\"><input size=\"40\" maxlength=\"400\" class=\"wpcf7-form-control wpcf7-text wpcf7-validates-as-required\" aria-required=\"true\" aria-invalid=\"false\" value=\"\" type=\"text\" name=\"your-name\" \/><\/span> <\/label>\n<\/p>\n<p><label> E-po\u0161tni naslov<br \/>\n<span class=\"wpcf7-form-control-wrap\" data-name=\"your-email\"><input size=\"40\" maxlength=\"400\" class=\"wpcf7-form-control wpcf7-email wpcf7-validates-as-required wpcf7-text wpcf7-validates-as-email\" aria-required=\"true\" aria-invalid=\"false\" value=\"\" type=\"email\" name=\"your-email\" \/><\/span> <\/label>\n<\/p>\n<p><label> Ulica in hi\u0161na \u0161tevilka<br \/>\n<span class=\"wpcf7-form-control-wrap\" data-name=\"your-street\"><input size=\"40\" maxlength=\"400\" class=\"wpcf7-form-control wpcf7-text wpcf7-validates-as-required\" aria-required=\"true\" aria-invalid=\"false\" value=\"\" type=\"text\" name=\"your-street\" \/><\/span> <\/label>\n<\/p>\n<p><label> Po\u0161tna \u0161tevilka in naselje<br \/>\n<span class=\"wpcf7-form-control-wrap\" data-name=\"your-town\"><input size=\"40\" maxlength=\"400\" class=\"wpcf7-form-control wpcf7-text wpcf7-validates-as-required\" aria-required=\"true\" aria-invalid=\"false\" value=\"\" type=\"text\" name=\"your-town\" \/><\/span> <\/label>\n<\/p>\n<p><label> Dr\u017eava<br \/>\n<span class=\"wpcf7-form-control-wrap\" data-name=\"your-state\"><input size=\"40\" maxlength=\"400\" class=\"wpcf7-form-control wpcf7-text wpcf7-validates-as-required\" aria-required=\"true\" aria-invalid=\"false\" value=\"\" type=\"text\" name=\"your-state\" \/><\/span> <\/label>\n<\/p>\n<p><label> \u0160tevilo knjig v sloven\u0161\u010dini Kri\u017ena jama<br \/>\n<span class=\"wpcf7-form-control-wrap\" data-name=\"your-jama\"><input class=\"wpcf7-form-control wpcf7-number wpcf7-validates-as-required wpcf7-validates-as-number\" min=\"0\" step=\"1\" aria-required=\"true\" aria-invalid=\"false\" value=\"0\" type=\"number\" name=\"your-jama\" \/><\/span> <\/label>\n<\/p>\n<p><label> \u0160tevilo knjig v angle\u0161\u010dini Kri\u017ena Cave<br \/>\n<span class=\"wpcf7-form-control-wrap\" data-name=\"your-cave\"><input class=\"wpcf7-form-control wpcf7-number wpcf7-validates-as-required wpcf7-validates-as-number\" min=\"0\" step=\"1\" aria-required=\"true\" aria-invalid=\"false\" value=\"0\" type=\"number\" name=\"your-cave\" \/><\/span> <\/label>\n<\/p>\n<p><label>\u0160tevilka za sledenje<br \/>\n<span class=\"wpcf7-form-control-wrap\" data-name=\"sledenje\"><select class=\"wpcf7-form-control wpcf7-select\" aria-invalid=\"false\" name=\"sledenje\"><option value=\"Da\">Da<\/option><option value=\"Ne\" selected=\"selected\">Ne<\/option><\/select><\/span> <\/label>\n<\/p>\n<p><label> Sporo\u010dilo<br \/>\n<span class=\"wpcf7-form-control-wrap\" data-name=\"your-message\"><textarea cols=\"40\" rows=\"10\" maxlength=\"2000\" class=\"wpcf7-form-control wpcf7-textarea\" aria-invalid=\"false\" name=\"your-message\"><\/textarea><\/span> <\/label>\n<\/p>\n<p><input class=\"wpcf7-form-control wpcf7-submit has-spinner\" type=\"submit\" value=\"Send\" \/>\n<\/p><div class=\"wpcf7-response-output\" aria-hidden=\"true\"><\/div>\n<\/form>\n<\/div>\n\t\t<\/div>\n\t\t\t\t\t\t<\/div>\n\t\t\t\t<\/div>\n\t\t\t\t\t<\/div>\n\t\t<\/div>\n\t\t\t\t\t<\/div>\n\t\t<\/section>\n\t\t\t\t<\/div>\n\t\t","protected":false},"excerpt":{"rendered":"<p>Knjiga Kri\u017ena jama Cena enega izvoda knjige je 29,90\u00a0EUR. Pakiranje v kartonasto ovojnico in po\u0161tnino zara\u010dunamo posebej. Cene so slede\u010de: Slovenija:\u2013 za 1 knjigo: 2,70 EUR\u2013 za 2 knjigi: 3,70 EUR\u2013 3 in ve\u010d: glede na pakiranje in cenik paketov po\u0161te Slovenije EU:\u2013 za 1 knjigo: 9,90 EUR\u2013 za 2 knjigi: 13,60 EUR\u2013 3 in ve\u010d: glede na pakiranje in cenik paketov po\u0161te Slovenije Po\u0161ljemo lahko tudi s sledenjem po\u0161iljke. Po naro\u010dilu in pla\u010dilu boste prejeli \u0161tevilko za sledenje. Cene [&hellip;]<\/p>\n","protected":false},"author":1,"featured_media":0,"parent":0,"menu_order":0,"comment_status":"closed","ping_status":"closed","template":"","meta":{"_monsterinsights_skip_tracking":false,"_monsterinsights_sitenote_active":false,"_monsterinsights_sitenote_note":"","_monsterinsights_sitenote_category":0,"footnotes":""},"class_list":["post-8884","page","type-page","status-publish","hentry"],"_links":{"self":[{"href":"https:\/\/petergedei.com\/sl\/wp-json\/wp\/v2\/pages\/8884","targetHints":{"allow":["GET"]}}],"collection":[{"href":"https:\/\/petergedei.com\/sl\/wp-json\/wp\/v2\/pages"}],"about":[{"href":"https:\/\/petergedei.com\/sl\/wp-json\/wp\/v2\/types\/page"}],"author":[{"embeddable":true,"href":"https:\/\/petergedei.com\/sl\/wp-json\/wp\/v2\/users\/1"}],"replies":[{"embeddable":true,"href":"https:\/\/petergedei.com\/sl\/wp-json\/wp\/v2\/comments?post=8884"}],"version-history":[{"count":13,"href":"https:\/\/petergedei.com\/sl\/wp-json\/wp\/v2\/pages\/8884\/revisions"}],"predecessor-version":[{"id":8929,"href":"https:\/\/petergedei.com\/sl\/wp-json\/wp\/v2\/pages\/8884\/revisions\/8929"}],"wp:attachment":[{"href":"https:\/\/petergedei.com\/sl\/wp-json\/wp\/v2\/media?parent=8884"}],"curies":[{"name":"wp","href":"https:\/\/api.w.org\/{rel}","templated":true}]}}